{"id":245,"date":"2021-05-05T13:16:05","date_gmt":"2021-05-05T11:16:05","guid":{"rendered":"https:\/\/wueste.mortimer-mueller.at\/?page_id=245"},"modified":"2025-08-31T22:25:07","modified_gmt":"2025-08-31T20:25:07","slug":"die-herren-der-wueste-glutperlen","status":"publish","type":"page","link":"https:\/\/wueste.mortimer-mueller.at\/?page_id=245","title":{"rendered":"DIE HERREN DER W\u00dcSTE &#8211; Glutperlen"},"content":{"rendered":"<p>Der dritte Teil meines Fantasyepos tr\u00e4gt den Untertitel <strong>Glutperlen<\/strong>. Aufmerksame Leser meiner ersten beiden B\u00e4nde werden eine Vermutung haben, wohin die Reise &#8211; oder die Geschichte &#8211; f\u00fchren wird. Wer m\u00f6gliche Zielorte erraten m\u00f6chte, kann sich die <strong><a href=\"https:\/\/wueste.mortimer-mueller.at\/\">Karte der W\u00fcstenlande<\/a><\/strong> zu Gem\u00fcte f\u00fchren. Ein erstes Konzept des Buches liegt bereits vor. Durch verschiedene Entwicklungen hat sich der geplante Erscheinungstermin verz\u00f6gert. Ich hoffe, 2026 den n\u00e4chsten Band vorstellen zu k\u00f6nnen.<\/p>\n<p>Was euch im dritten Teil erwartet? Die Geschichte gewinnt an Komplexit\u00e4t, mehrere Handlungsstr\u00e4nge von Arkeen und seinen Freunden werden ausgerollt und leiten euch zu verschiedenen St\u00e4dten und Pl\u00e4tzen der W\u00fcstenlande. Dramatische Ver\u00e4nderungen setzen ein, neue Gesch\u00f6pfe tauchen auf und nicht zuletzt sind einige \u00fcberraschende Wendungen vorgesehen, mit denen ihr &#8211; hoffentlich &#8211; nicht gerechnet habt.<\/p>\n","protected":false},"excerpt":{"rendered":"<p>Der dritte Teil meines Fantasyepos tr\u00e4gt den Untertitel Glutperlen. Aufmerksame Leser meiner ersten beiden B\u00e4nde werden eine Vermutung haben, wohin die Reise &#8211; oder die Geschichte &#8211; f\u00fchren wird. Wer m\u00f6gliche Zielorte erraten m\u00f6chte, kann sich die Karte der W\u00fcstenlande <span class=\"excerpt-dots\">&hellip;<\/span> <a class=\"more-link\" href=\"https:\/\/wueste.mortimer-mueller.at\/?page_id=245\"><span class=\"more-msg\">Weiterlesen &rarr;<\/span><\/a><\/p>\n","protected":false},"author":1,"featured_media":0,"parent":0,"menu_order":0,"comment_status":"closed","ping_status":"closed","template":"","meta":{"footnotes":""},"class_list":["post-245","page","type-page","status-publish","hentry"],"_links":{"self":[{"href":"https:\/\/wueste.mortimer-mueller.at\/index.php?rest_route=\/wp\/v2\/pages\/245","targetHints":{"allow":["GET"]}}],"collection":[{"href":"https:\/\/wueste.mortimer-mueller.at\/index.php?rest_route=\/wp\/v2\/pages"}],"about":[{"href":"https:\/\/wueste.mortimer-mueller.at\/index.php?rest_route=\/wp\/v2\/types\/page"}],"author":[{"embeddable":true,"href":"https:\/\/wueste.mortimer-mueller.at\/index.php?rest_route=\/wp\/v2\/users\/1"}],"replies":[{"embeddable":true,"href":"https:\/\/wueste.mortimer-mueller.at\/index.php?rest_route=%2Fwp%2Fv2%2Fcomments&post=245"}],"version-history":[{"count":5,"href":"https:\/\/wueste.mortimer-mueller.at\/index.php?rest_route=\/wp\/v2\/pages\/245\/revisions"}],"predecessor-version":[{"id":280,"href":"https:\/\/wueste.mortimer-mueller.at\/index.php?rest_route=\/wp\/v2\/pages\/245\/revisions\/280"}],"wp:attachment":[{"href":"https:\/\/wueste.mortimer-mueller.at\/index.php?rest_route=%2Fwp%2Fv2%2Fmedia&parent=245"}],"curies":[{"name":"wp","href":"https:\/\/api.w.org\/{rel}","templated":true}]}}